{"id":1413,"date":"2023-08-04T11:07:16","date_gmt":"2023-08-04T11:07:16","guid":{"rendered":"https:\/\/muslimprayerapp.com\/?page_id=1413"},"modified":"2023-08-04T11:08:44","modified_gmt":"2023-08-04T11:08:44","slug":"step3","status":"publish","type":"page","link":"https:\/\/muslimprayerapp.com\/nl\/step3\/","title":{"rendered":"Step3"},"content":{"rendered":"<div data-elementor-type=\"wp-page\" data-elementor-id=\"1413\" class=\"elementor elementor-1413\" data-elementor-post-type=\"page\">\n\t\t\t\t\t\t<section class=\"elementor-section elementor-top-section elementor-element elementor-element-e353d3f elementor-section-boxed elementor-section-height-default elementor-section-height-default\" data-id=\"e353d3f\" data-element_type=\"section\" data-e-type=\"section\">\n\t\t\t\t\t\t<div class=\"elementor-container elementor-column-gap-default\">\n\t\t\t\t\t<div class=\"elementor-column elementor-col-100 elementor-top-column elementor-element elementor-element-6463ffa\" data-id=\"6463ffa\" data-element_type=\"column\" data-e-type=\"column\">\n\t\t\t<div class=\"elementor-widget-wrap elementor-element-populated\">\n\t\t\t\t\t\t<div class=\"elementor-element elementor-element-9f43783 elementor-widget elementor-widget-heading\" data-id=\"9f43783\" data-element_type=\"widget\" data-e-type=\"widget\" data-widget_type=\"heading.default\">\n\t\t\t\t<div class=\"elementor-widget-container\">\n\t\t\t\t\t<h2 class=\"elementor-heading-title elementor-size-default\">Spiritual Dimension<\/h2>\t\t\t\t<\/div>\n\t\t\t\t<\/div>\n\t\t\t\t<div class=\"elementor-element elementor-element-cd27026 elementor-widget elementor-widget-text-editor\" data-id=\"cd27026\" data-element_type=\"widget\" data-e-type=\"widget\" data-widget_type=\"text-editor.default\">\n\t\t\t\t<div class=\"elementor-widget-container\">\n\t\t\t\t\t\t\t\t\t<p><strong>Salute the King &amp; Expel the Intruder<\/strong><\/p><p>Now you have officially entered Salah when you proclaimed \u201cAllahu Akbar\u201d. You lower your gaze to the place of your Sujood [prostration] and you now place your hands right over left and close to your heart\/lower chest. Why? Imagine that you have walked into a royal palace and you enter upon a group of people standing in the distance. Some in the group fix their gaze boldly at you with their arms comfortably at their sides. The other group stands with their gaze to the ground and their hands clasped in front of them.<\/p><p>Just from the way they stand; you will easily be able to distinguish the royalty from the palace servants, wouldn\u2019t you? It is not befitting of us, as servants, but to stand in a position of humility when we face Our Lord. It is humbling when we remember who we really are before Him.<\/p><p>But let us remember that the humility due to Allah is a dignifying humility because, in essence, it liberates us from the undue humility to fellow man. As the Prophet said, \u201cThe one who humbles himself before Allah is elevated [by Allah] in honor!\u201d<\/p><p><strong>It is only proper now, to salute The King:<\/strong><\/p><p>\u0633\u064f\u0628\u0652\u062d\u064e\u0627\u0646\u064e\u0643\u064e \u0627\u0644\u0644\u0651\u064e\u0647\u064f\u0645\u0651\u064e \u0648\u064e\u0628\u0650\u062d\u064e\u0645\u0652\u062f\u0650\u0643\u064e \u0648\u064e\u062a\u064e\u0628\u064e\u0627\u0631\u064e\u0643\u064e \u0627\u0633\u0652\u0645\u064f\u0643\u064e \u0648\u064e\u062a\u064e\u0639\u064e\u0627\u0644\u064e\u0649 \u062c\u064e\u062f\u0651\u064f\u0643\u064e \u0648\u064e\u0644\u0627\u064e \u0625\u0650\u0644\u064e\u0647\u064e \u063a\u064e\u064a\u0652\u0631\u064f\u0643\u064e<br \/>\u201cHow perfect You are O Allah, praise be to You. Blessed is Your name and lofty is Your position and non has the right to be worshiped except You.\u201d<\/p><p>1.<\/p><p>There are several salutes to choose from which the Prophet has taught us. Each one adds a unique aspect to our prayer. Varying our salute with each prayer aids in better focus and concentration during these sacred moments.<\/p><p><strong>Expelling the intruder:<\/strong><\/p><p>As you stand in Allah\u2019s hands, during such sacred moments, during such a grand encounter, no one is more envious of you now than Satan. So his mission is to steal every sweet moment you might have with The One you love, to steal every reward! So that you will finish your prayer, but only 1\/3rd or 1\/9th or 1\/10th has been accepted, or 1\/5th since the sobering reality of the matter is: Only the parts of Salah you are mindful of are accepted by Allah. [One will come on the Day of Judgment with over 90 years of Salah under his belt, but to his devastating surprise, only 6 years will have been recorded to his name, or 5, or 4.]<\/p><p>It is because of Satan that we begin to drift. Do you not notice that every worldly thought, matter, issue, predicament suddenly makes its way to your thoughts in Salah? Items you have lost for days or months are suddenly remembered and maybe even found! Even the designs on the prayer rug start to tell all sorts of entertaining stories! What do you do? You try to fight him and refocus. But he comes back. You fight him again. He comes back like a fly that will not leave you alone.<\/p><p>What is the solution for we are so weak!? We seek the help of our Beloved from the evils of His creatures. With His Name is barakah! [blessing] With His Name is total protection from all harm. Thus, before we proceed in our prayer any further, we formally express with confidence:<\/p><p>\u0623\u064e\u0639\u064f\u0648\u0630\u064f \u0628\u0650\u0627\u0644\u0644\u0647\u0650 \u0645\u0650\u0646\u064e \u0627\u0644\u0634\u0651\u064e\u064a\u0637\u064e\u0627\u0646\u0650 \u0627\u0644\u0631\u0651\u064e\u062c\u0650\u064a\u0645\u0650<br \/>\u201cI seek Allah\u2019s protection from Satan the accursed\u201d.2<br \/>Feel its power as you say it!<\/p><h3 class=\"center-text bottom-20\">Extra Supplications<\/h3><h3 class=\"center-text\">1.<\/h3><p><b>Wajjahtu wajhiya li-l-ladh\u00ee fatara s-sam\u00e2w\u00e2ti wa-l-arda, han\u00eefan wa m\u00e2 an\u00e2 mina-l-mushrik\u00eena. Inna sal\u00e2ti wa nusuk\u00ee, wa mahy\u00e2ya wa mam\u00e2t\u00ee li-l-l\u00e2hi rabbi-l-\u00e2lam\u00eena, l\u00e2 shar\u00eeka lahu. Wa bi-dh\u00e2lika umirtu wa an\u00e2 mina-l-muslim\u00eena. All\u00e2humma anta-l-maliku l\u00e2 il\u00e2ha ill\u00e2 anta. Anta rabb\u00ee wa an\u00e2 abduka, zalamtu nafs\u00ee wa taraftu bi-dhanb\u00ee. Fa-ghfir l\u00ee dhun\u00fbb\u00ee jam\u00eean, innahu l\u00e2 yaghfiru dh-dhun\u00fbba ill\u00e2 anta. Wa hdin\u00ee li-ahsani-l-akhl\u00e2qi, l\u00e2 yahd\u00ee li-ahsanih\u00e2 ill\u00e2 anta. Wa srif ann\u00ee sayyi&#8217;ah\u00e2, l\u00e2 yasrifu ann\u00ee sayy&#8217;ah\u00e2 ill\u00e2 anta. Labbayka wa sadayka, wa-l-khayru kulluhu bi-yadayka, wa sh-sharru laysa ilayka, an\u00e2 bika wa ilayka, tab\u00e2rakta wa ta\u00e2layta, astaghfiruka wa at\u00fbbu ilayka.<\/b><\/p><p>\u201dI have turned my face sincerely towards He who has brought forth the heavens and the Earth and I am not of those who associate (others with Allah). Indeed my prayer, my sacrifice, my life and my death are for Allah, Lord of the worlds, no partner has He, with this I am commanded and I am of the Muslims. O Allah, You are the Sovereign, none has the right to be worshipped except You. You are my Lord and I am Your servant, I have wronged my own soul and have acknowledged my sin, so forgive me all my sins for no one forgives sins except You. Guide me to the best of characters for none can guide to it other than You, and deliver me from the worst of characters for none can deliver me from it other than You. Here I am, in answer to Your call, happy to serve you. All good is within Your hands and evil does not stem from You. I exist by your will and will return to you. Blessed and High are You, I seek Your forgiveness and repent unto You.&#8221;<\/p><p class=\"arabic-text\">\u0648\u064e\u062c\u064e\u0651\u0647\u0640\u062a\u064f \u0648\u064e\u062c\u0652\u0647\u0650\u0640\u064a\u064e \u0644\u0650\u0644\u064e\u0651\u0630\u064a \u0641\u064e\u0637\u064e\u0631\u064e \u0627\u0644\u0633\u064e\u0651\u0645\u0640\u0648\u0627\u062a\u0650 \u0648\u064e\u0627\u0644\u0623\u064e\u0631\u0652\u0636\u064e \u062d\u064e\u0646\u0640\u064a\u0641\u064e\u0627\u064b \u0648\u064e\u0645\u0640\u0627 \u0623\u064e\u0646\u0627 \u0645\u0650\u0646\u064e \u0627\u0644\u0645\u0634\u0652\u0631\u0650\u0643\u064a\u0646 \u060c \u0625\u0650\u0646\u064e\u0651 \u0635\u064e\u0644\u0627\u062a\u0640\u064a \u060c \u0648\u064e\u0646\u064f\u0633\u064f\u0643\u064a \u060c \u0648\u064e\u0645\u064e\u062d\u0652\u0640\u064a\u0627\u064a\u064e \u060c \u0648\u064e\u0645\u064e\u0645\u0627\u062a\u0640\u064a \u0644\u0644\u0647\u0650 \u0631\u064e\u0628\u0650\u0651 \u0627\u0644\u0639\u0627\u0644\u064e\u0645\u064a\u0646 \u060c \u0644\u0627 \u0634\u064e\u0631\u064a\u0640\u0643\u064e \u0644\u064e\u0647\u064f \u0648\u064e\u0628\u0650\u0630\u0644\u0643\u064e \u0623\u064f\u0645\u0650\u0631\u0652\u062a\u064f \u0648\u064e\u0623\u064e\u0646\u0627 \u0645\u0650\u0646\u064e \u0627\u0644\u0645\u0633\u0652\u0644\u0650\u0640\u0645\u064a\u0646 . \u0627\u0644\u0644\u0651\u0647\u064f\u0640\u0645\u064e\u0651 \u0623\u064e\u0646\u0652\u062a\u064e \u0627\u0644\u0645\u064e\u0644\u0650\u0643\u064f \u0644\u0627 \u0625\u0650\u0644\u0647\u064e \u0625\u0650\u0644\u0627\u0651 \u0623\u064e\u0646\u0652\u062a \u060c\u0623\u064e\u0646\u0652\u062a\u064e \u0631\u064e\u0628\u0650\u0651\u0640\u064a \u0648\u064e\u0623\u064e\u0646\u0640\u0627 \u0639\u064e\u0628\u0652\u0640\u062f\u064f\u0643 \u060c \u0638\u064e\u0644\u064e\u0645\u0652\u0640\u062a\u064f \u0646\u064e\u0641\u0652\u0633\u0640\u064a \u0648\u064e\u0627\u0639\u0652\u0640\u062a\u064e\u0631\u064e\u0641\u0652\u062a\u064f \u0628\u0650\u0630\u064e\u0646\u0652\u0628\u0640\u064a \u0641\u064e\u0627\u063a\u0652\u0641\u0650\u0631\u0652 \u0644\u064a \u0630\u064f\u0646\u0648\u0628\u064a \u062c\u064e\u0645\u064a\u0639\u0627\u064b \u0625\u0650\u0646\u064e\u0651\u0640\u0647 \u0644\u0627 \u064a\u064e\u063a\u0652\u0640\u0641\u0650\u0631\u064f \u0627\u0644\u0630\u064f\u0651\u0646\u0640\u0648\u0628\u064e \u0625\u0644\u0627\u0651 \u0623\u064e\u0646\u0652\u062a .\u0648\u064e\u0627\u0647\u0652\u062f\u0650\u0646\u0640\u064a \u0644\u0623\u064e\u062d\u0652\u0633\u064e\u0646\u0650 \u0627\u0644\u0623\u064e\u062e\u0652\u0644\u0627\u0642\u0650 \u0644\u0627 \u064a\u064e\u0647\u0652\u0640\u062f\u064a \u0644\u0623\u064e\u062d\u0652\u0633\u064e\u0640\u0646\u0650\u0647\u0627 \u0625\u0650\u0644\u0627\u0651 \u0623\u064e\u0646\u0652\u0640\u062a \u060c \u0648\u064e\u0627\u0635\u0652\u0640\u0631\u0650\u0641 \u0639\u064e\u0640\u0646\u0651\u0652\u064a \u0633\u064e\u064a\u0650\u0651\u0626\u064e\u0647\u0640\u0627 \u060c \u0644\u0627 \u064a\u064e\u0635\u0652\u0631\u0650\u0641\u064f \u0639\u064e\u0640\u0646\u0651\u0652\u064a \u0633\u064e\u064a\u0650\u0651\u0626\u064e\u0647\u0640\u0627 \u0625\u0650\u0644\u0627\u0651 \u0623\u064e\u0646\u0652\u0640\u062a \u060c \u0644\u064e\u0628\u064e\u0651\u0640\u064a\u0652\u0643\u064e \u0648\u064e\u0633\u064e\u0639\u0652\u0640\u062f\u064e\u064a\u0652\u0643 \u060c \u0648\u064e\u0627\u0644\u062e\u064e\u0640\u064a\u0652\u0631\u064f \u0643\u064f\u0644\u064f\u0651\u0640\u0647\u064f \u0628\u0650\u064a\u064e\u0640\u062f\u064e\u064a\u0652\u0640\u0643 \u060c \u0648\u064e\u0627\u0644\u0634\u064e\u0651\u0631\u064f\u0651 \u0644\u064e\u064a\u0652\u0640\u0633\u064e \u0625\u0650\u0644\u064e\u0640\u064a\u0652\u0643 \u060c \u0623\u064e\u0646\u0627 \u0628\u0650\u0643\u064e \u0648\u064e\u0625\u0650\u0644\u064e\u064a\u0652\u0640\u0643 \u060c \u062a\u064e\u0628\u0640\u0627\u0631\u064e\u0643\u0652\u062a\u064e \u0648\u064e\u062a\u064e\u0639\u0640\u0627\u0644\u064e\u064a\u062a\u064e \u0623\u064e\u0633\u0652\u062a\u064e\u063a\u0652\u0640\u0641\u0650\u0631\u064f\u0643\u064e \u0648\u064e\u0623\u064e\u062a\u0648\u0628\u064f \u0625\u0650\u0644\u064e\u0640\u064a\u0643.<\/p><h3 class=\"center-text\">2.<\/h3><p><b>All\u00e2humma, rabba Jibr\u00e2&#8217;\u00eela, wa M\u00eek\u00e2&#8217;\u00eela, wa Isr\u00e2f\u00eela ! F\u00e2tira s-sam\u00e2w\u00e2ti wa-l-ardi, \u00e2lima l-ghaybi wa sh-shah\u00e2dati, anta tahkumu bayna ib\u00e2dika f\u00eem\u00e2 k\u00e2n\u00fb f\u00eehi yakhtalif\u00fbna. Ihdin\u00ee li-m\u00e2 khtulifa f\u00eehi mina-l-haqqi bi-idhnika. Innaka tahd\u00ee man tash\u00e2&#8217;u il\u00e2 sir\u00e2t\u00een mustaq\u00eem.<\/b><\/p><p>&#8220;O Allah, Lord of Jibra-eel, Meeka-eel and Israfeel (great angles), Creator of the heavens and the Earth, Knower of the seen and the unseen. You are the arbitrator between Your servants in that which they have disputed. Guide me to the truth by Your leave, in that which they have differed, for verily You guide whom You will to a straight path.&#8221;<\/p><p class=\"arabic-text\">\u0627\u0644\u0644\u0651\u0647\u064f\u0640\u0645\u064e\u0651 \u0631\u064e\u0628\u064e\u0651 \u062c\u0650\u0640\u0628\u0652\u0631\u0627\u0626\u064a\u0644 \u060c \u0648\u064e\u0645\u064a\u0643\u0640\u0627\u0626\u064a\u0644 \u060c \u0648\u064e\u0625\u0650\u0633\u0652\u0640\u0631\u0627\u0641\u064a\u0644\u060c \u0641\u0627\u0637\u0650\u0640\u0631\u064e \u0627\u0644\u0633\u064e\u0651\u0645\u0648\u0627\u062a\u0650 \u0648\u064e\u0627\u0644\u0623\u064e\u0631\u0652\u0636 \u060c \u0639\u0627\u0644\u0640\u0650\u0645\u064e \u0627\u0644\u063a\u064e\u064a\u0652\u0640\u0628\u0650 \u0648\u064e\u0627\u0644\u0634\u064e\u0651\u0647\u0640\u0627\u062f\u064e\u0629\u0650 \u0623\u064e\u0646\u0652\u0640\u062a\u064e \u062a\u064e\u062d\u0652\u0640\u0643\u0645\u064f \u0628\u064e\u064a\u0652\u0640\u0646\u064e \u0639\u0650\u0628\u0640\u0627\u062f\u0650\u0643\u064e \u0641\u064a\u0640\u0645\u0627 \u0643\u0627\u0646\u0648\u0627 \u0641\u064a\u0647\u0650 \u064a\u064e\u062e\u0652\u062a\u064e\u0644\u0650\u0641\u0640\u0648\u0646. \u0627\u0647\u062f\u0650\u0646\u0640\u064a \u0644\u0650\u0645\u0640\u0627 \u0627\u062e\u0652\u062a\u064f\u0640\u0644\u0650\u0641\u064e \u0641\u064a\u0640\u0647\u0650 \u0645\u0650\u0646\u064e \u0627\u0644\u0652\u062d\u064e\u0640\u0642\u0650\u0651 \u0628\u0650\u0625\u0650\u0630\u0652\u0646\u0650\u0643 \u060c \u0625\u0650\u0646\u064e\u0651\u0640\u0643\u064e \u062a\u064e\u0647\u0652\u0640\u062f\u064a \u0645\u064e\u0646\u0652 \u062a\u064e\u0634\u0640\u0627\u0621\u064f \u0625\u0650\u0644\u0649 \u0635\u0650\u0631\u0627\u0637\u064d \u0645\u064f\u0633\u0652\u062a\u064e\u0642\u0640\u064a\u0645<\/p><h3 class=\"center-text\">3.<\/h3><p><b>All\u00e2hu akbaru kab\u00eeran. All\u00e2hu akbaru kab\u00eeran. All\u00e2hu akbaru kab\u00eeran. Wa-l-hamdu li-l-\u00e2hi kath\u00eeran. Wa-l-hamdu li-l-\u00e2hi kath\u00eeran. Wa-l-hamdu li-l-\u00e2hi kath\u00eeran. Wa subh\u00e2na l-l\u00e2hi bukratan wa as\u00eelan.<\/b><\/p><p>A\u00fbdhu bi-l-l\u00e2hi mina sh-shayt\u00e2ni min nafkhihi, wa naftihi, wa hamzihi.<\/p><p>&#8220;Allah is Most Great, Allah is Most Great, Allah is Most Great, much praise is for Allah, much praise is for Allah, much praise is for Allah, and I declare the perfection of Allah in the early morning and in the late afternoon [three times]. I take refuge with Allah from the devil, from his pride, his poetry and his madness.&#8221;<\/p><p class=\"arabic-text\">\u0627\u0644\u0644\u0647\u064f \u0623\u064e\u0643\u0652\u0628\u064e\u0640\u0631\u064f \u0643\u064e\u0628\u0640\u064a\u0631\u0627 \u060c \u0627\u0644\u0644\u0647\u064f \u0623\u064e\u0643\u0652\u0628\u064e\u0640\u0631\u064f \u0643\u064e\u0628\u0640\u064a\u0631\u0627 \u060c \u0627\u0644\u0644\u0647\u064f \u0623\u064e\u0643\u0652\u0628\u064e\u0640\u0631\u064f \u0643\u064e\u0628\u0640\u064a\u0631\u0627 \u060c \u0648\u064e\u0627\u0644\u0652\u062d\u064e\u0640\u0645\u0652\u062f\u064f \u0644\u0644\u0647\u0650 \u0643\u064e\u062b\u0640\u064a\u0631\u0627 \u060c \u0648\u064e\u0627\u0644\u0652\u062d\u064e\u0640\u0645\u0652\u062f\u064f \u0644\u0644\u0647\u0650 \u0643\u064e\u062b\u0640\u064a\u0631\u0627 \u060c \u0648\u064e\u0627\u0644\u0652\u062d\u064e\u0640\u0645\u0652\u062f\u064f \u0644\u0644\u0647\u0650 \u0643\u064e\u062b\u0640\u064a\u0631\u0627 \u060c \u0648\u064e\u0633\u064f\u0628\u0652\u0640\u062d\u0627\u0646\u064e \u0627\u0644\u0644\u0647\u0650 \u0628\u0643\u0652\u0640\u0631\u064e\u0629\u064b \u0648\u064e\u0623\u064e\u0635\u064a\u0640\u0644\u0627 . ( \u062b\u064e\u0644\u0627\u062b\u0627\u064b ) \u0623\u064e\u0639\u0640\u0648\u0630\u064f \u0628\u0650\u0627\u0644\u0644\u0647\u0650 \u0645\u0650\u0646\u064e \u0627\u0644\u0634\u064e\u0651\u0640\u064a\u0652\u0637\u0627\u0646\u0650 \u0645\u0650\u0646\u0652 \u0646\u064e\u0641\u0652\u062e\u0650\u0640\u0647\u0650 \u0648\u064e\u0646\u064e\u0641\u0652\u0640\u062b\u0650\u0647\u0650 \u0648\u064e\u0647\u064e\u0645\u0652\u0640\u0632\u0650\u0647<\/p><h3 class=\"center-text\">4.<\/h3><p><b>All\u00e2humma laka-l-hamdu anta n\u00fbru s-sam\u00e2w\u00e2ti wa-l-ardi wa man f\u00eehinn. Wa laka-l-hamdu. Anta qayyimu s-sam\u00e2w\u00e2ti wa-l-ardi wa man f\u00eehinn, [Wa laka-l-hamdu. Anta rabbu s-sam\u00e2w\u00e2ti wa-l-ardi wa man f\u00eehinna.] [Wa laka-l-hamdu. Laka mulku s-sam\u00e2w\u00e2ti wa-l-ardi wa man f\u00eehinn.] [Wa laka-l-hamdu. Anta maliku s-sam\u00e2w\u00e2ti wa-l-ardi.] [Wa laka-l-hamdu.] [Anta-l-haqqu, wa waduka-l-haqqu, wa qawluka-l-haqqu, wa liq\u00e2&#8217;uka-l-haqqu, wa-l-jannatu haqqun, wa n-n\u00e2ru haqqun, wa n-nabiyy\u00fbna haqqun, wa Muhammadun haqqun, wa s-s\u00e2atu haqqun.] [All\u00e2humma laka aslamtu, wa alayka tawwakaltu, wa bika \u00e2mantu, wa ilayka anabtu, wa bika kh\u00e2samtu, wa ilayka h\u00e2kamtu.\u2028Fa-ghfir l\u00ee m\u00e2 qaddamatu, wa m\u00e2 akhkhartu, wa m\u00e2 asrartu, wa m\u00e2 alantu.]\u2028[Anta-l-muqaddimu wa anta-l-mu&#8217;akhkhiru. L\u00e2 il\u00e2ha ill\u00e2 anta.] [Anta il\u00e2h\u00ee l\u00e2 il\u00e2ha ill\u00e2 anta.]<\/b><\/p><p>&#8220;O Allah, to You belongs all praise, You are the Light of the heavens and the Earth and all that is within them. To You belongs all praise, You are the Sustainer of the heavens and the Earth and all that is within them. To You belongs all praise. You are Lord of the heavens and the Earth and all that is within them. To You belongs all praise and the kingdom of the heavens and the Earth and all that is within them. To You belongs all praise, You are the King of the heavens and the Earth and to You belongs all praise. You are The Truth, Your promise is true, your Word is true, and the Day in which we will encounter You is true, the Garden of Paradise is true and the Fire is true, and the Prophets are true, Muhammad r is true and the Final Hour is true. O Allah, unto You I have submitted, and upon You I have relied, and in You I have believed, and to You I have turned in repentance, and over You I have disputed, and to You I have turned for judgment. So forgive me for what has come to pass of my sins and what will come to pass, and what I have hidden and what I have made public. You are Al-Muqaddim and Al-Mu-akhkhir. None has the right to be worshipped except You, You are my Deity, none has the right to be worshipped except You.&#8221;<\/p><p class=\"arabic-text\">\u0627\u0644\u0644\u0651\u0647\u064f\u0640\u0645\u064e\u0651 \u0644\u064e\u0643\u064e \u0627\u0644\u0652\u062d\u064e\u0645\u0652\u062f\u064f \u0623\u064e\u0646\u0652\u062a\u064e \u0646\u0640\u0648\u0631\u064f \u0627\u0644\u0633\u064e\u0651\u0645\u0640\u0648\u0627\u062a\u0650 \u0648\u064e\u0627\u0644\u0623\u064e\u0631\u0652\u0636\u0650 \u0648\u064e\u0645\u064e\u0646\u0652 \u0641\u064a\u0640\u0647\u0650\u0646 \u060c \u0648\u064e\u0644\u064e\u0643\u064e \u0627\u0644\u0652\u062d\u064e\u0645\u0652\u062f\u064f \u0623\u064e\u0646\u0652\u062a\u064e \u0642\u064e\u0640\u064a\u0650\u0651\u0645\u064f \u0627\u0644\u0633\u064e\u0651\u0640\u0645\u0648\u0627\u062a\u0650 \u0648\u064e\u0627\u0644\u0623\u064e\u0631\u0652\u0636\u0650 \u0648\u064e\u0645\u064e\u0646\u0652 \u0641\u064a\u0640\u0647\u0650\u0646 \u060c [\u0648\u064e\u0644\u064e\u0643\u064e \u0627\u0644\u0652\u062d\u064e\u0645\u0652\u062f\u064f \u0623\u064e\u0646\u0652\u062a\u064e \u0631\u064e\u0628\u064f\u0651 \u0627\u0644\u0633\u064e\u0651\u0640\u0645\u0648\u0627\u062a\u0650 \u0648\u064e\u0627\u0644\u0623\u064e\u0631\u0652\u0636\u0650 \u0648\u064e\u0645\u064e\u0646\u0652 \u0641\u064a\u0640\u0647\u0650\u0646] [\u0648\u064e\u0644\u064e\u0643\u064e \u0627\u0644\u0652\u062d\u064e\u0645\u0652\u062f\u064f \u0644\u064e\u0643\u064e \u0645\u064f\u0644\u0652\u0640\u0643\u064f \u0627\u0644\u0633\u064e\u0651\u0640\u0645\u0648\u0627\u062a\u0650 \u0648\u064e\u0627\u0644\u0623\u064e\u0631\u0652\u0636\u0650 \u0648\u064e\u0645\u064e\u0646\u0652 \u0641\u064a\u0640\u0647\u0650\u0646] [\u0648\u064e\u0644\u064e\u0643\u064e \u0627\u0644\u0652\u062d\u064e\u0645\u0652\u062f\u064f \u0623\u064e\u0646\u0652\u062a\u064e \u0645\u064e\u0644\u0650\u0640\u0643\u064f \u0627\u0644\u0633\u064e\u0651\u0640\u0645\u0648\u0627\u062a\u0650 \u0648\u064e\u0627\u0644\u0623\u064e\u0631\u0652\u0636\u0650 ] [\u0648\u064e\u0644\u064e\u0643\u064e \u0627\u0644\u0652\u062d\u064e\u0645\u0652\u062f\u064f] [\u0623\u064e\u0646\u0652\u062a\u064e \u0627\u0644\u0652\u062d\u064e\u0640\u0642\u0651 \u0648\u064e\u0648\u064e\u0639\u0652\u0640\u062f\u064f\u0643\u064e \u0627\u0644\u0652\u062d\u064e\u0640\u0642 \u060c \u0648\u064e\u0642\u064e\u0648\u0652\u0644\u064f\u0640\u0643\u064e \u0627\u0644\u0652\u062d\u064e\u0640\u0642 \u060c \u0648\u064e\u0644\u0650\u0642\u0640\u0627\u0624\u064f\u0643\u064e \u0627\u0644\u0652\u062d\u064e\u0640\u0642 \u060c \u0648\u064e\u0627\u0644\u0652\u062c\u064e\u0640\u0646\u064e\u0651\u0629\u064f\u062d\u064e\u0640\u0642 \u060c \u0648\u064e\u0627\u0644\u0646\u0651\u0640\u0627\u0631\u064f \u062d\u064e\u0640\u0642 \u060c \u0648\u064e\u0627\u0644\u0646\u064e\u0651\u0628\u0650\u0640\u064a\u0651\u0648\u0646\u064e \u062d\u064e\u0640\u0642 \u060c \u0648\u064e\u0645\u0640\u062d\u064e\u0645\u064e\u0651\u062f\u064c \u062d\u064e\u0640\u0642 \u060c \u0648\u064e\u0627\u0644\u0633\u0651\u0640\u0627\u0639\u064e\u0629\u064f\u062d\u064e\u0640\u0642] [\u0627\u0644\u0644\u0651\u0647\u064f\u0640\u0645\u064e\u0651 \u0644\u064e\u0643\u064e \u0623\u064e\u0633\u0652\u0644\u064e\u0645\u062a \u060c \u0648\u064e\u0639\u064e\u0644\u064e\u0640\u064a\u0652\u0643\u064e \u062a\u064e\u0648\u064e\u0643\u064e\u0651\u0644\u0652\u0640\u062a \u060c \u0648\u064e\u0628\u0650\u0643\u064e \u0622\u0645\u064e\u0646\u0652\u0640\u062a \u060c \u0648\u064e\u0625\u0650\u0644\u064e\u0640\u064a\u0652\u0643\u064e \u0623\u064e\u0646\u064e\u0628\u0652\u0640\u062a \u060c \u0648\u064e\u0628\u0650\u0640\u0643\u064e \u062e\u0627\u0635\u064e\u0645\u0652\u062a \u060c \u0648\u064e\u0625\u0650\u0644\u064e\u0640\u064a\u0652\u0643\u064e \u062d\u0627\u0643\u064e\u0645\u0652\u0640\u062a . \u0641\u0627\u063a\u0652\u0641\u0650\u0640\u0631\u0652 \u0644\u064a \u0645\u0640\u0627 \u0642\u064e\u062f\u064e\u0651\u0645\u0652\u062a\u064f \u060c \u0648\u064e\u0645\u0627 \u0623\u064e\u062e\u064e\u0651\u0640\u0631\u0652\u062a \u060c \u0648\u064e\u0645\u0627 \u0623\u064e\u0633\u0652\u0640\u0631\u064e\u0631\u0652\u062a \u060c \u0648\u064e\u0645\u0627 \u0623\u064e\u0639\u0652\u0644\u064e\u0640\u0646\u0652\u062a ] [\u0623\u064e\u0646\u0652\u062a\u064e \u0627\u0644\u0645\u064f\u0642\u064e\u0640\u062f\u0650\u0651\u0645\u064f \u0648\u064e\u0623\u064e\u0646\u0652\u062a\u064e \u0627\u0644\u0645\u064f\u0640\u0624\u064e\u062e\u0650\u0651\u0631 \u060c \u0644\u0627 \u0625\u0650\u0627\u0640\u0647\u064e \u0625\u0650\u0644\u0627\u0651 \u0623\u064e\u0646\u0652\u0640\u062a] [\u0623\u064e\u0646\u0652\u0640\u062a\u064e \u0625\u0650\u0644\u0640\u0647\u064a \u0644\u0627 \u0625\u0650\u0627\u0640\u0647\u064e \u0625\u0650\u0644\u0627\u0651 \u0623\u064e\u0646\u0652\u0640\u062a<\/p>\t\t\t\t\t\t\t\t<\/div>\n\t\t\t\t<\/div>\n\t\t\t\t\t<\/div>\n\t\t<\/div>\n\t\t\t\t\t<\/div>\n\t\t<\/section>\n\t\t\t\t<\/div>","protected":false},"excerpt":{"rendered":"<p>Spiritual Dimension Salute the King &amp; Expel the Intruder Now you have officially entered Salah when you proclaimed \u201cAllahu Akbar\u201d. You lower your gaze to the place of your Sujood [prostration] and you now place your hands right over left and close to your heart\/lower chest. Why? Imagine that you have walked into a royal&hellip; <a class=\"more-link\" href=\"https:\/\/muslimprayerapp.com\/nl\/step3\/\">Lees verder <span class=\"screen-reader-text\">Step3<\/span><\/a><\/p>","protected":false},"author":1,"featured_media":0,"parent":0,"menu_order":0,"comment_status":"closed","ping_status":"closed","template":"elementor_header_footer","meta":{"footnotes":""},"class_list":["post-1413","page","type-page","status-publish","hentry","entry"],"_links":{"self":[{"href":"https:\/\/muslimprayerapp.com\/nl\/wp-json\/wp\/v2\/pages\/1413","targetHints":{"allow":["GET"]}}],"collection":[{"href":"https:\/\/muslimprayerapp.com\/nl\/wp-json\/wp\/v2\/pages"}],"about":[{"href":"https:\/\/muslimprayerapp.com\/nl\/wp-json\/wp\/v2\/types\/page"}],"author":[{"embeddable":true,"href":"https:\/\/muslimprayerapp.com\/nl\/wp-json\/wp\/v2\/users\/1"}],"replies":[{"embeddable":true,"href":"https:\/\/muslimprayerapp.com\/nl\/wp-json\/wp\/v2\/comments?post=1413"}],"version-history":[{"count":4,"href":"https:\/\/muslimprayerapp.com\/nl\/wp-json\/wp\/v2\/pages\/1413\/revisions"}],"predecessor-version":[{"id":1417,"href":"https:\/\/muslimprayerapp.com\/nl\/wp-json\/wp\/v2\/pages\/1413\/revisions\/1417"}],"wp:attachment":[{"href":"https:\/\/muslimprayerapp.com\/nl\/wp-json\/wp\/v2\/media?parent=1413"}],"curies":[{"name":"wp","href":"https:\/\/api.w.org\/{rel}","templated":true}]}}