{"id":1448,"date":"2023-08-04T11:15:50","date_gmt":"2023-08-04T11:15:50","guid":{"rendered":"https:\/\/muslimprayerapp.com\/?page_id=1448"},"modified":"2023-08-04T11:16:48","modified_gmt":"2023-08-04T11:16:48","slug":"step7","status":"publish","type":"page","link":"https:\/\/muslimprayerapp.com\/ru\/step7\/","title":{"rendered":"Step7"},"content":{"rendered":"<div data-elementor-type=\"wp-page\" data-elementor-id=\"1448\" class=\"elementor elementor-1448\" data-elementor-post-type=\"page\">\n\t\t\t\t\t\t<section class=\"elementor-section elementor-top-section elementor-element elementor-element-549fad6 elementor-section-boxed elementor-section-height-default elementor-section-height-default\" data-id=\"549fad6\" data-element_type=\"section\">\n\t\t\t\t\t\t<div class=\"elementor-container elementor-column-gap-default\">\n\t\t\t\t\t<div class=\"elementor-column elementor-col-100 elementor-top-column elementor-element elementor-element-a05570a\" data-id=\"a05570a\" data-element_type=\"column\">\n\t\t\t<div class=\"elementor-widget-wrap elementor-element-populated\">\n\t\t\t\t\t\t<div class=\"elementor-element elementor-element-cb2f407 elementor-widget elementor-widget-heading\" data-id=\"cb2f407\" data-element_type=\"widget\" data-widget_type=\"heading.default\">\n\t\t\t\t<div class=\"elementor-widget-container\">\n\t\t\t\t\t<h2 class=\"elementor-heading-title elementor-size-default\">Spiritual Dimension<\/h2>\t\t\t\t<\/div>\n\t\t\t\t<\/div>\n\t\t\t\t<div class=\"elementor-element elementor-element-6e33540 elementor-widget elementor-widget-text-editor\" data-id=\"6e33540\" data-element_type=\"widget\" data-widget_type=\"text-editor.default\">\n\t\t\t\t<div class=\"elementor-widget-container\">\n\t\t\t\t\t\t\t\t\t<h3 class=\"center-text bottom-30\">Extra Physical Acts<\/h3><p>\u00a0<\/p><p>There are reports from the Prophet Muhammad (saw) and a number of his companions that inform us to raise our hands again just like we did when we began the prayer<\/p><h3 class=\"center-text bottom-30\">Spiritual Dimension<\/h3><p>\u00a0<\/p><p><strong>In Preparation for the Greatest Pillar of Salah<\/strong><\/p><p>We just completed a beautiful station of Salah, the Ruku\u2019 [bowing]. The Ruku\u2019 [bowing] is the prelude to Sujood [prostration]&#8230;from one posture of submission, to a greater, more complete posture of submission! But before the Sujood [prostration], comes another beautiful station of Salah &#8211; and that is, the standing after the Ruku\u2019 [bowing]. The Prophet said, \u201cAllah does not look to a servant\u2019s Salah if he does not straighten [upright] his back between his Ruku\u2019 [bowing] and Sujood [prostration].\u201d Therefore, that motionless, peaceful calm maintained in the other parts of Salah must be especially maintained here as well\u2026 allowing for the bones to return to their joints, for he also told us that \u201cThe worst thief is the one who steals from his Salah\u201d [by rushing through it]. The Prophet used to stand in this part of the prayer a length equal to that of his Ruku [bowing]\u2019.<\/p><p>\u0633\u0645\u064e\u0639\u0627\u0627\u0644\u0644\u0647\u064f\u0644\u0650\u064e\u0645\u0652\u0646 \u064e\u0650\u062d\u0645\u064e\u062f\u0647\u064f<br \/>\u201cMay Allah answer he who praises Him\u201d1<\/p><p>Yet as we rise for this stand, this time it is not \u201cAllahu Akbar\u201d that we call out, but instead, \u201cSami\u2019a-Allahu liman hamidah\u201d. Why? Remember what we said? That any dua\/request made before The King is only proper and acceptable when preceded by praise and much extolling, right? Just as the Fatihah starts out with praise before the greatest dua is made [Ihdina-Sirat-Al-Mustaqeem], the same holds true here. For we are about to enter upon the greatest pillar of Salah the Sujood [prostration]!.. in which we will be the closest we can ever be to Allah! And during which, the duas\/supplications, are always answered! \u201cSami\u2019a-Allahu liman hamidah\u201d therefore, signals us to praise Allah much before we are to make our duas when in Sujood [prostration]. And so what do we say upon that signal, once we have risen?<\/p><p>\u0631\u064e\u0628\u0651\u064e\u0646\u064e\u0627 \u0648\u064e\u0644\u064e\u0643\u064e \u0627\u0644\u0652\u062d\u064e\u0645\u0652\u062f\u064f \u062d\u064e\u0645\u0652\u062f\u064b\u0627 \u0643\u064e\u062b\u0650\u064a\u0631\u064b\u0627 \u0637\u064e\u064a\u0651\u0650\u0628\u064b\u0627 \u0645\u064f\u0628\u064e\u0627\u0631\u064e\u0643\u064b\u0627 \u0641\u0650\u064a\u0647\u0650<br \/>We begin our praise: \u201cRabbana walaka-alhamd \u201c [Our Lord, for You is all praise!]. We can add, \u201chamdan katheeran tayyiban mubarakan feeh!\u201d [An abundant beautiful blessed praise!]. The Prophet was once leading in prayer. When he said \u201cSami\u2019a-Allahu-liman hamidah\u201d, one of the companions behind him added the above extension, \u201chamdan katheeran tayyiban mubarakan feeh!\u201d. When the prayer was finished, the Prophet turned to his companions and asked, \u201cWhich one of you just said those words?\u201d And the man replied \u201cMe, ya Rasulallah.\u201d The Prophet commented, \u201cI just saw thirty something angels racing to write it first!\u201d<\/p><p>\u0645\u0650\u0644\u0652\u0621\u064e \u0627\u0644\u0633\u0651\u064e\u0645\u064e\u0627\u0648\u064e\u0627\u062a\u0650 \u0648\u064e\u0645\u0650\u0644\u0652\u0621\u064e \u0627\u0644\u0623\u064e\u0631\u0652\u0636\u0650 \u060c \u0648\u064e\u0645\u0650\u0644\u0652\u0621\u064e \u0645\u064e\u0627 \u0634\u0650\u0626\u0652\u062a\u064e \u0645\u0650\u0646\u0652 \u0634\u064e\u064a\u0652\u0621\u064d \u0628\u064e\u0639\u0652\u062f\u064f<br \/>\u201c[Praise] that fills\/abounds the heavens, fills the earth, fills all that is between them, and fills all else of what You have willed [to be]!\u201d1<\/p><p>We can go a step further and say the above dua. The \u201call else\u201d implies the rest of creation that for us humans is beyond our imagination and grasp [Like the Throne, the Kursi, etc..] With those words, we are humbly admitting our limitations in knowledge in comparison to that of Our Creator.<\/p><p>This variety of sayings available to us helps us to regularly renew our focus in Salah, for better concentration. Let us praise and praise, and praise some more\u2026We will never be able to praise Our Lord enough\u2026For no one can ever praise Allah the complete praise justly due to Him, save for one&#8230;Do you know who that one is? It is Allah Himself! Only He can praise Himself the complete due praise! For there are attributes and qualities belonging to Allah that we cannot even imagine nor have they been revealed to us or to any other creation! Attributes, the knowledge of which lies with Him alone, a Magnificence completely beyond our scope!<\/p><h3 class=\"center-text bottom-20\">Extra Supplications<\/h3><p>\u00a0<\/p><h3 class=\"center-text\">1.<\/h3><p>\u00a0<\/p><p><b>Rabban\u00e2 wa laka-l-hamdu, hamdan kath\u00eeran, tayyiban, mub\u00e2rakan f\u00eehi.<\/b><\/p><p>&#8220;Our Lord, for You is all praise, an abundant beautiful blessed praise.&#8221;<\/p><p class=\"arabic-text\">\u0631\u064e\u0628\u064e\u0651\u0646\u0640\u0627 \u0648\u064e\u0644\u064e\u0643\u064e \u0627\u0644\u062d\u064e\u0645\u0652\u0640\u062f\u064f \u062d\u064e\u0645\u0652\u0640\u062f\u0627\u064b \u0643\u064e\u062b\u0640\u064a\u0631\u0627\u064b \u0637\u064e\u064a\u0650\u0651\u0640\u0628\u0627\u064b \u0645\u064f\u0640\u0628\u0627\u0631\u064e\u0643\u0627\u064b \u0641\u064a\u0647<\/p><h3 class=\"center-text\">2.<\/h3><p>\u00a0<\/p><p><b>Mil&#8217;a s-sam\u00e2w\u00e2ti wa mil&#8217;a-l-ardi wa m\u00e2 baynahum\u00e2, wa mil&#8217;a m\u00e2 shi&#8217;ta min shay&#8217;in badu. Ahlu th-than\u00e2&#8217;i wa-l-majdi. Ahaqqu m\u00e2 q\u00e2la-l-abdu, wa kullun\u00e2 laka abdun. All\u00e2humma l\u00e2 m\u00e2nia li-m\u00e2 atyta, wa l\u00e2 mutiya lim\u00e2 manata, wa l\u00e2 yanfau dh\u00e2-l-jaddi minka-m-jaddu.<\/b><\/p><p>&#8220;The heavens and the Earth and all between them abound with Your praises, and all that You will abounds with Your praises. O Possessor of praise and majesty, the truest thing a slave has said (of You) and we are all Your slaves. O Allah, none can prevent what You have willed to bestow and none can bestow what You have willed to prevent, and no wealth or majesty can benefit anyone, as from You is all wealth and majesty.&#8221;<\/p><p class=\"arabic-text\">\u0645\u0650\u0644\u0652\u0621\u064e \u0627\u0644\u0633\u064e\u0651\u0645\u0640\u0648\u0627\u062a\u0650 \u0648\u064e\u0645\u0650\u0644\u0652\u0621\u064e \u0627\u0644\u0623\u064e\u0631\u0652\u0636 \u060c \u0648\u064e\u0645\u0627 \u0628\u064e\u064a\u0652\u0640\u0646\u064e\u0647\u064f\u0645\u0640\u0627 \u060c \u0648\u064e\u0645\u0650\u0644\u0652\u0621\u064e \u0645\u0627 \u0634\u0650\u0626\u0652\u0640\u062a\u064e \u0645\u0650\u0646\u0652 \u0634\u064e\u064a\u0621\u064d \u0628\u064e\u0639\u0652\u0640\u062f\u0652 . \u0623\u064e\u0647\u0640\u0644\u064e \u0627\u0644\u062b\u064e\u0651\u0640\u0646\u0627\u0621\u0650 \u0648\u064e\u0627\u0644\u0645\u064e\u062c\u0640\u062f\u0652 \u060c \u0623\u064e\u064e\u062d\u064e\u0640\u0642\u064f\u0651 \u0645\u0627 \u0642\u0627\u0644\u064e \u0627\u0644\u0639\u064e\u0628\u0652\u0640\u062f \u060c \u0648\u064e\u0643\u064f\u0644\u064f\u0651\u0640\u0646\u0627 \u0644\u064e\u0643\u064e \u0639\u064e\u0640\u0628\u062f\u0652 . \u0627\u0644\u0644\u0651\u0647\u064f\u0640\u0645\u064e\u0651 \u0644\u0627 \u0645\u0627\u0646\u0650\u0639\u064e \u0644\u0650\u0645\u0627 \u0623\u064e\u0639\u0652\u0637\u064e\u0640\u064a\u0652\u062a \u060c \u0648\u064e\u0644\u0627 \u0645\u064f\u0639\u0652\u0637\u0650\u0640\u064a\u064e \u0644\u0650\u0645\u0627 \u0645\u064e\u0646\u064e\u0640\u0639\u0652\u062a \u060c \u0648\u064e\u0644\u0627 \u064a\u064e\u0646\u0652\u0641\u064e\u0640\u0639\u064f \u0630\u0627 \u0627\u0644\u062c\u064e\u0640\u062f\u0650\u0651 \u0645\u0650\u0646\u0652\u0640\u0643\u064e \u0627\u0644\u062c\u064e\u0640\u062f<\/p>\t\t\t\t\t\t\t\t<\/div>\n\t\t\t\t<\/div>\n\t\t\t\t\t<\/div>\n\t\t<\/div>\n\t\t\t\t\t<\/div>\n\t\t<\/section>\n\t\t\t\t<\/div>","protected":false},"excerpt":{"rendered":"<p>Spiritual Dimension Extra Physical Acts \u00a0 There are reports from the Prophet Muhammad (saw) and a number of his companions that inform us to raise our hands again just like we did when we began the prayer Spiritual Dimension \u00a0 In Preparation for the Greatest Pillar of Salah We just completed a beautiful station of&hellip; <a class=\"more-link\" href=\"https:\/\/muslimprayerapp.com\/ru\/step7\/\">\u0427\u0438\u0442\u0430\u0442\u044c \u0434\u0430\u043b\u0435\u0435 <span class=\"screen-reader-text\">Step7<\/span><\/a><\/p>","protected":false},"author":1,"featured_media":0,"parent":0,"menu_order":0,"comment_status":"closed","ping_status":"closed","template":"elementor_header_footer","meta":{"footnotes":""},"class_list":["post-1448","page","type-page","status-publish","hentry","entry"],"_links":{"self":[{"href":"https:\/\/muslimprayerapp.com\/ru\/wp-json\/wp\/v2\/pages\/1448","targetHints":{"allow":["GET"]}}],"collection":[{"href":"https:\/\/muslimprayerapp.com\/ru\/wp-json\/wp\/v2\/pages"}],"about":[{"href":"https:\/\/muslimprayerapp.com\/ru\/wp-json\/wp\/v2\/types\/page"}],"author":[{"embeddable":true,"href":"https:\/\/muslimprayerapp.com\/ru\/wp-json\/wp\/v2\/users\/1"}],"replies":[{"embeddable":true,"href":"https:\/\/muslimprayerapp.com\/ru\/wp-json\/wp\/v2\/comments?post=1448"}],"version-history":[{"count":7,"href":"https:\/\/muslimprayerapp.com\/ru\/wp-json\/wp\/v2\/pages\/1448\/revisions"}],"predecessor-version":[{"id":1456,"href":"https:\/\/muslimprayerapp.com\/ru\/wp-json\/wp\/v2\/pages\/1448\/revisions\/1456"}],"wp:attachment":[{"href":"https:\/\/muslimprayerapp.com\/ru\/wp-json\/wp\/v2\/media?parent=1448"}],"curies":[{"name":"wp","href":"https:\/\/api.w.org\/{rel}","templated":true}]}}