{"id":1396,"date":"2023-08-04T10:57:39","date_gmt":"2023-08-04T10:57:39","guid":{"rendered":"https:\/\/muslimprayerapp.com\/?page_id=1396"},"modified":"2023-08-04T10:59:23","modified_gmt":"2023-08-04T10:59:23","slug":"step1","status":"publish","type":"page","link":"https:\/\/muslimprayerapp.com\/tr\/step1\/","title":{"rendered":"step1"},"content":{"rendered":"<div data-elementor-type=\"wp-page\" data-elementor-id=\"1396\" class=\"elementor elementor-1396\" data-elementor-post-type=\"page\">\n\t\t\t\t\t\t<section class=\"elementor-section elementor-top-section elementor-element elementor-element-a27c2cf elementor-section-boxed elementor-section-height-default elementor-section-height-default\" data-id=\"a27c2cf\" data-element_type=\"section\" data-e-type=\"section\">\n\t\t\t\t\t\t<div class=\"elementor-container elementor-column-gap-default\">\n\t\t\t\t\t<div class=\"elementor-column elementor-col-100 elementor-top-column elementor-element elementor-element-ca6f9bb\" data-id=\"ca6f9bb\" data-element_type=\"column\" data-e-type=\"column\">\n\t\t\t<div class=\"elementor-widget-wrap elementor-element-populated\">\n\t\t\t\t\t\t<div class=\"elementor-element elementor-element-e32f547 elementor-widget elementor-widget-heading\" data-id=\"e32f547\" data-element_type=\"widget\" data-e-type=\"widget\" data-widget_type=\"heading.default\">\n\t\t\t\t<div class=\"elementor-widget-container\">\n\t\t\t\t\t<h2 class=\"elementor-heading-title elementor-size-default\">Ad\u0131m 1 \u2013 K\u0131bleye D\u00f6n\u00fcn\n\n<\/h2>\t\t\t\t<\/div>\n\t\t\t\t<\/div>\n\t\t\t\t<div class=\"elementor-element elementor-element-82ea7e1 elementor-widget elementor-widget-text-editor\" data-id=\"82ea7e1\" data-element_type=\"widget\" data-e-type=\"widget\" data-widget_type=\"text-editor.default\">\n\t\t\t\t<div class=\"elementor-widget-container\">\n\t\t\t\t\t\t\t\t\t<p class=\"translation-block\">We need to pray out of sincere&nbsp;<b>Love<\/b>. Pray out of longing to be with the one you love. Pray for the peace and comfort that comes from being with the one you love.<\/p><p>\u00a0<\/p><p><b>There are 3 reasons which make you love someone:<\/b><\/p><ol><li>Either because that someone is beautiful!<\/li><li>Or because that someone always deals kindly with you.<\/li><li>Or because that someone has done many favours for you.<\/li><\/ol><p>\u00a0<\/p><p>Think of Allah now. He is all of the above and more, isn\u2019t He? Doesn\u2019t He then deserve to be the most worthy of our love over everything and anyone else? To truly love Allah [swt] is to truly taste the greatest love in existence! It is to truly taste the beauty of faith:<\/p><p>As to Allah\u2019s beauty, look around at all that is beautiful in creation, be it inner or outer beauty. It is all but a small hint to the ultimate beauty He beholds. If every person was created with the beauty of Prophet Yusuf and this total beauty was combined with the beauty of everything we see around us &#8211; all this in comparison to the beauty of Allah, would be like that of a weak candle light to the brightness of the sun! And Allah\u2019s beauty is unique, for it\u2019s coupled with everlasting glory! And just think. He sets this Most Beautiful, Glorious Face to yours when you stand in prayer!<\/p><p class=\"translation-block\">Allah\u2019s beauty is so immense that we cannot see Him in this world, for if He were to manifest to us His glory, it would burn everything in existence! Recall what happened to Prophet Musa when he once asked to see Allah [swt]. Allah [swt] said,&nbsp;<em>\u201cYou cannot see Me. But look upon the mountain, if it remains firm in place then you will be able to see Me.\u201d<\/em><\/p><p>To this, Allah manifested Himself to the mountain, and the mountain crumbled in total annihilation! Musa collapsed, and fainted [see 7:143]. This was what happened to Musa when he only saw the mountain which saw Allah\u2019s beauty. So imagine if it was a direct sight!<\/p><p>As to Allah\u2019s kindness and favours upon us, just close your eyes momentarily to appreciate just the gift of sight alone. If we were to count His favours upon us, never will we be able to enumerate them. And sometimes we gripe when a favour has not been granted us. Don\u2019t we then realize in hindsight, that it was much better for us this way? The denial of this favour, we realize later, was a favour in itself. For Allah has nothing but good.<\/p><p>And imagine. When we dare and sin against Him, we sin using the very gifts and blessings He has given us! But out of His love and mercy for us, He continues to guard over us and protect us, even while we\u2019re in the act! You will not find anyone more kind; you will not find anyone more giving. You will not find anyone more worthy of your love than He.<\/p><p>Remember this: The sweetness of this life lies in remembering Him, the sweetness of the next life lies in seeing Him! The next time you proceed for prayer, go because you love Him, go because you miss Him and long to be with Him. Feel your heart flutter. Only then, will you be on your way to attaining that inner peace and comfort Salah was prescribed for.<\/p>\t\t\t\t\t\t\t\t<\/div>\n\t\t\t\t<\/div>\n\t\t\t\t\t<\/div>\n\t\t<\/div>\n\t\t\t\t\t<\/div>\n\t\t<\/section>\n\t\t\t\t<\/div>","protected":false},"excerpt":{"rendered":"<p>Step 1 &#8211; Face the Qiblah We need to pray out of sincere\u00a0Love. Pray out of longing to be with the one you love. Pray for the peace and comfort that comes from being with the one you love. \u00a0 There are 3 reasons which make you love someone: Either because that someone is beautiful!&hellip; <a class=\"more-link\" href=\"https:\/\/muslimprayerapp.com\/tr\/step1\/\">Okumaya devam et <span class=\"screen-reader-text\">step1<\/span><\/a><\/p>","protected":false},"author":1,"featured_media":0,"parent":0,"menu_order":0,"comment_status":"closed","ping_status":"closed","template":"elementor_header_footer","meta":{"footnotes":""},"class_list":["post-1396","page","type-page","status-publish","hentry","entry"],"_links":{"self":[{"href":"https:\/\/muslimprayerapp.com\/tr\/wp-json\/wp\/v2\/pages\/1396","targetHints":{"allow":["GET"]}}],"collection":[{"href":"https:\/\/muslimprayerapp.com\/tr\/wp-json\/wp\/v2\/pages"}],"about":[{"href":"https:\/\/muslimprayerapp.com\/tr\/wp-json\/wp\/v2\/types\/page"}],"author":[{"embeddable":true,"href":"https:\/\/muslimprayerapp.com\/tr\/wp-json\/wp\/v2\/users\/1"}],"replies":[{"embeddable":true,"href":"https:\/\/muslimprayerapp.com\/tr\/wp-json\/wp\/v2\/comments?post=1396"}],"version-history":[{"count":4,"href":"https:\/\/muslimprayerapp.com\/tr\/wp-json\/wp\/v2\/pages\/1396\/revisions"}],"predecessor-version":[{"id":1402,"href":"https:\/\/muslimprayerapp.com\/tr\/wp-json\/wp\/v2\/pages\/1396\/revisions\/1402"}],"wp:attachment":[{"href":"https:\/\/muslimprayerapp.com\/tr\/wp-json\/wp\/v2\/media?parent=1396"}],"curies":[{"name":"wp","href":"https:\/\/api.w.org\/{rel}","templated":true}]}}