{"id":1464,"date":"2023-08-04T11:31:20","date_gmt":"2023-08-04T11:31:20","guid":{"rendered":"https:\/\/muslimprayerapp.com\/?page_id=1464"},"modified":"2023-08-04T11:31:39","modified_gmt":"2023-08-04T11:31:39","slug":"step9","status":"publish","type":"page","link":"https:\/\/muslimprayerapp.com\/tr\/step9\/","title":{"rendered":"step9"},"content":{"rendered":"<div data-elementor-type=\"wp-page\" data-elementor-id=\"1464\" class=\"elementor elementor-1464\" data-elementor-post-type=\"page\">\n\t\t\t\t\t\t<section class=\"elementor-section elementor-top-section elementor-element elementor-element-275e1c9 elementor-section-boxed elementor-section-height-default elementor-section-height-default\" data-id=\"275e1c9\" data-element_type=\"section\" data-e-type=\"section\">\n\t\t\t\t\t\t<div class=\"elementor-container elementor-column-gap-default\">\n\t\t\t\t\t<div class=\"elementor-column elementor-col-100 elementor-top-column elementor-element elementor-element-d97e216\" data-id=\"d97e216\" data-element_type=\"column\" data-e-type=\"column\">\n\t\t\t<div class=\"elementor-widget-wrap elementor-element-populated\">\n\t\t\t\t\t\t<div class=\"elementor-element elementor-element-5f0be14 elementor-widget elementor-widget-heading\" data-id=\"5f0be14\" data-element_type=\"widget\" data-e-type=\"widget\" data-widget_type=\"heading.default\">\n\t\t\t\t<div class=\"elementor-widget-container\">\n\t\t\t\t\t<h2 class=\"elementor-heading-title elementor-size-default\">Spiritual Dimension<\/h2>\t\t\t\t<\/div>\n\t\t\t\t<\/div>\n\t\t\t\t<div class=\"elementor-element elementor-element-6e5759d elementor-widget elementor-widget-text-editor\" data-id=\"6e5759d\" data-element_type=\"widget\" data-e-type=\"widget\" data-widget_type=\"text-editor.default\">\n\t\t\t\t<div class=\"elementor-widget-container\">\n\t\t\t\t\t\t\t\t\t<p><strong>A Desperate Plea!<\/strong><\/p><p>As we have seen so far, every station in Salah has a special meaning and a unique significance, so that with every position we move to, we are transported into a new and different scene. These transitions help our minds to stay aware of and internalize the words we utter. These transitions help our hearts to stay alive throughout our Salah &#8211; alive with alternating feelings and emotions before Allah: Those of love, hope, fear, and humility. The station we arrive at now is one which should inspire immense humility and fear. It is a position resembling a position occurring on Judgment Day:<\/p><p>\u201cAnd you will see every nation kneeling [from fear]. Every nation will be called to its record [and told], \u201cToday you will be recompensed for what you used to do. This, Our record, speaks about you in truth. Indeed, We were having transcribed whatever you used to do.\u201d<br \/>\u0648\u064e\u062a\u064e\u0631\u064e\u0649 \u0643\u064f\u0644\u0651\u064e \u0623\u064f\u0645\u0651\u064e\u0629\u064d \u062c\u064e\u0627\u062b\u0650\u064a\u064e\u0629\u064b \u0643\u064f\u0644\u0651\u064f \u0623\u064f\u0645\u0651\u064e\u0629\u064d \u062a\u064f\u062f\u0652\u0639\u064e\u0649 \u0625\u0650\u0644\u064e\u0649 \u0643\u0650\u062a\u064e\u0627\u0628\u0650\u0647\u064e\u0627 \u0627\u0644\u0652\u064a\u064e\u0648\u0652\u0645\u064e \u062a\u064f\u062c\u0652\u0632\u064e\u0648\u0652\u0646\u064e \u0645\u064e\u0627 \u0643\u064f\u0646\u0652\u062a\u064f\u0645\u0652 \u062a\u064e\u0639\u0652\u0645\u064e\u0644\u064f\u0648\u0646\u064e \u0647\u064e\u0630\u064e\u0627 \u0643\u0650\u062a\u064e\u0627\u0628\u064f\u0646\u064e\u0627 \u064a\u064e\u0646\u0652\u0637\u0650\u0642\u064f \u0639\u064e\u0644\u064e\u064a\u0652\u0643\u064f\u0645\u0652 \u0628\u0650\u0627\u0644\u0652\u062d\u064e\u0642\u0651\u0650 \u0625\u0650\u0646\u0651\u064e\u0627 \u0643\u064f\u0646\u0651\u064e\u0627 \u0646\u064e\u0633\u0652\u062a\u064e\u0646\u0652\u0633\u0650\u062e\u064f \u0645\u064e\u0627 \u0643\u064f\u0646\u0652\u062a\u064f\u0645\u0652 \u062a\u064e\u0639\u0652\u0645\u064e\u0644\u064f\u0648\u0646\u064e<\/p><p>In our present world, it is that mortifying position of one about to hear out his death sentence\u2026 A position of someone in utmost desperation for a pardon, a savior\u2026 It is the sitting between the 2 prostrations.. down on your knees! What is it that we are to say when in this position? No words can we possibly need more, than: \u0631\u064e\u0628\u0651\u0650 \u0627\u063a\u0652\u0641\u0650\u0631\u0652 \u0644\u0650\u064a \u0631\u064e\u0628\u0651\u0650 \u0627\u063a\u0652\u0641\u0650\u0631\u0652 \u0644\u0650\u064a \u201cRabbi ighfirli Rabbi ighfirli\u201d [My Lord forgive me! My Lord forgive me!] Twice, three times, four times, or more. How many times have we wronged ourselves and transgressed Allah\u2019s bounds?<\/p><p>It is a time to ask for much forgiveness as we sit in this position of full servitude and helplessness. The Prophet used to sit in this position a length equal to that of his Sujood [prostration], seeking Allah\u2019s forgiveness and making the following dua:<\/p><p>\u0627\u0644\u0651\u064e\u0647\u064f\u0645\u0651\u064e \u0627\u063a\u0652\u0641\u0650\u0631 \u0644\u0650\u064a\u060c \u0648\u0627\u0631\u0652\u062d\u064e\u0645\u0652\u0646\u0650\u064a\u060c \u0648\u064e\u0627\u0647\u0652\u062f\u0650\u0646\u0650\u064a\u060c \u0648\u064e\u0627\u062c\u0652\u0628\u064f\u0631\u0652\u0646\u0650\u064a\u060c \u0648\u064e\u0639\u064e\u0627\u0641\u0650\u0646\u0650\u064a\u060c \u0648\u0627\u0631\u0652\u0632\u064f\u0642\u0652\u0646\u0650\u064a\u060c \u0648\u064e\u0627\u0631\u0652\u0641\u064e\u0639\u0652\u0646\u0650\u064a<br \/>\u201cO Allah forgive me and have mercy on me, guide me and enrich me, give me health and provide for me and raise me in rank.\u201d<\/p><p>The provision we ask of Allah, implies a provision in this life, and more importantly, in the next. On Judgment Day, as creation fretfully awaits its judgment, the Prophet will prostrate before Allah\u2019s Throne in a prolonged Sujood [prostration] &#8211; praising, glorifying, praying and crying &#8211; crying for the people of his nation&#8230;.Till Allah answers him, \u201cLift your head up, O Muhammad. Ask and it will be granted, intercede and it will be accepted.\u201d<\/p><p>The Prophet will rise from his Sujood [prostration] to this position, and begin his intercession for us. From this we can understand, that our prayers can be answered both when we are in Sujood [prostration], or after. As we beg for Allah\u2019s forgiveness, we proceed to make another Sujood [prostration], for we need to draw closer still, to Our Lord&#8230;One Sujood [prostration] is not enough. And as the first Surah of the Quran, Surah al-Alaq, starts out with a recitation [\u201cRead!\u201d] and ends with a prostration, so is the case with the Rakah [unit] of Salah &#8211; It starts with recitation and ends with prostration.. Every act of worship has a special beauty to it, a unique flavor. The more we learn the more we can taste that flavor and feel that beauty, after all: \u201cAre they equal- Those who know and those who do not know?\u201d<\/p><h3 class=\"center-text bottom-20\">Extra Supplications<\/h3><p>\u00a0<\/p><h3 class=\"center-text\">1.<\/h3><p>\u00a0<\/p><p><b>All\u00e2humma ghfir l\u00ee, wa rhamn\u00ee, wa hdin\u00ee, wa jburn\u00ee, wa \u00e2fin\u00ee, wa rzuqn\u00ee, wa rfan\u00ee.<\/b><\/p><p>&#8220;O Allah, forgive me, have mercy upon me, guide me, enrich me, give me health, grant me sustenance and raise my rank.&#8221;<\/p><p class=\"arabic-text\">\u0627\u0644\u0644\u0651\u0647\u064f\u0640\u0645\u064e\u0651 \u0627\u063a\u0652\u0641\u0650\u0640\u0631\u0652 \u0644\u064a \u060c \u0648\u064e\u0627\u0631\u0652\u062d\u064e\u0645\u0652\u0640\u0646\u064a \u060c \u0648\u064e\u0627\u0647\u0652\u062f\u0650\u0646\u0640\u064a \u060c \u0648\u064e\u0627\u062c\u0652\u0628\u064f\u0631\u0652\u0646\u0640\u064a \u060c \u0648\u064e\u0639\u0627\u0641\u0650\u0646\u0640\u064a \u0648\u064e\u0627\u0631\u0652\u0632\u064f\u0642\u0652\u0646\u0640\u064a \u0648\u064e\u0627\u0631\u0652\u0641\u064e\u0639\u0652\u0640\u0646\u064a<\/p>\t\t\t\t\t\t\t\t<\/div>\n\t\t\t\t<\/div>\n\t\t\t\t\t<\/div>\n\t\t<\/div>\n\t\t\t\t\t<\/div>\n\t\t<\/section>\n\t\t\t\t<\/div>","protected":false},"excerpt":{"rendered":"<p>Spiritual Dimension A Desperate Plea! As we have seen so far, every station in Salah has a special meaning and a unique significance, so that with every position we move to, we are transported into a new and different scene. These transitions help our minds to stay aware of and internalize the words we utter.&hellip; <a class=\"more-link\" href=\"https:\/\/muslimprayerapp.com\/tr\/step9\/\">Okumaya devam et <span class=\"screen-reader-text\">step9<\/span><\/a><\/p>","protected":false},"author":1,"featured_media":0,"parent":0,"menu_order":0,"comment_status":"closed","ping_status":"closed","template":"elementor_header_footer","meta":{"footnotes":""},"class_list":["post-1464","page","type-page","status-publish","hentry","entry"],"_links":{"self":[{"href":"https:\/\/muslimprayerapp.com\/tr\/wp-json\/wp\/v2\/pages\/1464","targetHints":{"allow":["GET"]}}],"collection":[{"href":"https:\/\/muslimprayerapp.com\/tr\/wp-json\/wp\/v2\/pages"}],"about":[{"href":"https:\/\/muslimprayerapp.com\/tr\/wp-json\/wp\/v2\/types\/page"}],"author":[{"embeddable":true,"href":"https:\/\/muslimprayerapp.com\/tr\/wp-json\/wp\/v2\/users\/1"}],"replies":[{"embeddable":true,"href":"https:\/\/muslimprayerapp.com\/tr\/wp-json\/wp\/v2\/comments?post=1464"}],"version-history":[{"count":4,"href":"https:\/\/muslimprayerapp.com\/tr\/wp-json\/wp\/v2\/pages\/1464\/revisions"}],"predecessor-version":[{"id":1469,"href":"https:\/\/muslimprayerapp.com\/tr\/wp-json\/wp\/v2\/pages\/1464\/revisions\/1469"}],"wp:attachment":[{"href":"https:\/\/muslimprayerapp.com\/tr\/wp-json\/wp\/v2\/media?parent=1464"}],"curies":[{"name":"wp","href":"https:\/\/api.w.org\/{rel}","templated":true}]}}